{"id":6058,"date":"2026-03-06T20:06:22","date_gmt":"2026-03-06T20:06:22","guid":{"rendered":"https:\/\/staging.cercarbono.com\/consultas-de-proyectos\/"},"modified":"2026-04-21T18:47:21","modified_gmt":"2026-04-21T18:47:21","slug":"consulta-de-proyectos","status":"publish","type":"page","link":"https:\/\/staging.cercarbono.com\/es\/consulta-de-proyectos\/","title":{"rendered":"Consultas de proyectos"},"content":{"rendered":"\t\t<div data-elementor-type=\"wp-page\" data-elementor-id=\"6058\" class=\"elementor elementor-6058 elementor-1836\" data-elementor-post-type=\"page\">\n\t\t\t\t<section class=\"elementor-element elementor-element-0eabc65 e-flex e-con-boxed e-con e-parent\" data-id=\"0eabc65\" data-element_type=\"container\" data-e-type=\"container\" data-settings=\"{&quot;background_background&quot;:&quot;classic&quot;}\">\n\t\t\t\t\t<div class=\"e-con-inner\">\n\t\t<div class=\"elementor-element elementor-element-0f4b989 e-con-full e-flex e-con e-child\" data-id=\"0f4b989\" data-element_type=\"container\" data-e-type=\"container\">\n\t\t\t\t<div class=\"elementor-element elementor-element-cb57e2a elementor-widget__width-initial elementor-widget elementor-widget-heading\" data-id=\"cb57e2a\" data-element_type=\"widget\" data-e-type=\"widget\" data-widget_type=\"heading.default\">\n\t\t\t\t\t<h1 class=\"elementor-heading-title elementor-size-default\">Consultas de<br> proyectos<\/h1>\t\t\t\t<\/div>\n\t\t\t\t<div class=\"elementor-element elementor-element-0aac0e9 elementor-widget__width-initial elementor-widget elementor-widget-text-editor\" data-id=\"0aac0e9\" data-element_type=\"widget\" data-e-type=\"widget\" data-widget_type=\"text-editor.default\">\n\t\t\t\t\t\t\t\t\t<p>Cada proyecto que busque nuestra certificaci\u00f3n debe pasar por una consulta p\u00fablica de 30 d\u00edas. Esto brinda a las comunidades, las ONG, la sociedad civil y los expertos t\u00e9cnicos la oportunidad de revisar la documentaci\u00f3n del proyecto, aportar comentarios y fortalecer los resultados antes de la validaci\u00f3n. <\/p>\t\t\t\t\t\t\t\t<\/div>\n\t\t\t\t<\/div>\n\t\t\t\t\t<\/div>\n\t\t\t\t<\/section>\n\t\t<section class=\"elementor-element elementor-element-9f927b0 e-flex e-con-boxed e-con e-parent\" data-id=\"9f927b0\" data-element_type=\"container\" data-e-type=\"container\" data-settings=\"{&quot;background_background&quot;:&quot;classic&quot;}\">\n\t\t\t\t\t<div class=\"e-con-inner\">\n\t\t<div class=\"elementor-element elementor-element-b5f3a18 e-con-full e-flex e-con e-child\" data-id=\"b5f3a18\" data-element_type=\"container\" data-e-type=\"container\">\n\t\t<div class=\"elementor-element elementor-element-f349b93 e-con-full e-flex e-con e-child\" data-id=\"f349b93\" data-element_type=\"container\" data-e-type=\"container\">\n\t\t<div class=\"elementor-element elementor-element-9aa8651 e-con-full e-flex e-con e-child\" data-id=\"9aa8651\" data-element_type=\"container\" data-e-type=\"container\">\n\t\t\t\t<div class=\"elementor-element elementor-element-d0546b5 elementor-widget elementor-widget-heading\" data-id=\"d0546b5\" data-element_type=\"widget\" data-e-type=\"widget\" data-widget_type=\"heading.default\">\n\t\t\t\t\t<h2 class=\"elementor-heading-title elementor-size-default\">C\u00f3mo funciona<\/h2>\t\t\t\t<\/div>\n\t\t\t\t<\/div>\n\t\t\t\t<\/div>\n\t\t<div class=\"elementor-element elementor-element-460e999 e-con-full e-flex e-con e-child\" data-id=\"460e999\" data-element_type=\"container\" data-e-type=\"container\">\n\t\t<div class=\"elementor-element elementor-element-b5b10da e-grid e-con-full e-con e-child\" data-id=\"b5b10da\" data-element_type=\"container\" data-e-type=\"container\">\n\t\t<div class=\"elementor-element elementor-element-0c6948d e-con-full e-flex e-con e-child\" data-id=\"0c6948d\" data-element_type=\"container\" data-e-type=\"container\">\n\t\t\t\t<div class=\"elementor-element elementor-element-1527748 elementor-widget elementor-widget-heading\" data-id=\"1527748\" data-element_type=\"widget\" data-e-type=\"widget\" data-widget_type=\"heading.default\">\n\t\t\t\t\t<h3 class=\"elementor-heading-title elementor-size-default\">01<\/h3>\t\t\t\t<\/div>\n\t\t\t\t<div class=\"elementor-element elementor-element-e51f705 elementor-widget elementor-widget-heading\" data-id=\"e51f705\" data-element_type=\"widget\" data-e-type=\"widget\" data-widget_type=\"heading.default\">\n\t\t\t\t\t<h5 class=\"elementor-heading-title elementor-size-default\">Publicaci\u00f3n<\/h5>\t\t\t\t<\/div>\n\t\t\t\t<div class=\"elementor-element elementor-element-b96d36b elementor-widget elementor-widget-text-editor\" data-id=\"b96d36b\" data-element_type=\"widget\" data-e-type=\"widget\" data-widget_type=\"text-editor.default\">\n\t\t\t\t\t\t\t\t\t<p>Los proyectos se publican para recibir comentarios durante 30 d\u00edas.<\/p>\t\t\t\t\t\t\t\t<\/div>\n\t\t\t\t<\/div>\n\t\t<div class=\"elementor-element elementor-element-61e092e e-con-full e-flex e-con e-child\" data-id=\"61e092e\" data-element_type=\"container\" data-e-type=\"container\">\n\t\t\t\t<div class=\"elementor-element elementor-element-f09c5a8 elementor-widget elementor-widget-heading\" data-id=\"f09c5a8\" data-element_type=\"widget\" data-e-type=\"widget\" data-widget_type=\"heading.default\">\n\t\t\t\t\t<h3 class=\"elementor-heading-title elementor-size-default\">02<\/h3>\t\t\t\t<\/div>\n\t\t\t\t<div class=\"elementor-element elementor-element-a795e9b elementor-widget elementor-widget-heading\" data-id=\"a795e9b\" data-element_type=\"widget\" data-e-type=\"widget\" data-widget_type=\"heading.default\">\n\t\t\t\t\t<h5 class=\"elementor-heading-title elementor-size-default\">Revisi\u00f3n<\/h5>\t\t\t\t<\/div>\n\t\t\t\t<div class=\"elementor-element elementor-element-8ffdd14 elementor-widget elementor-widget-text-editor\" data-id=\"8ffdd14\" data-element_type=\"widget\" data-e-type=\"widget\" data-widget_type=\"text-editor.default\">\n\t\t\t\t\t\t\t\t\t<p>Las partes interesadas revisan la documentaci\u00f3n y env\u00edan sus comentarios.<\/p>\t\t\t\t\t\t\t\t<\/div>\n\t\t\t\t<\/div>\n\t\t<div class=\"elementor-element elementor-element-ae6b33b e-con-full e-flex e-con e-child\" data-id=\"ae6b33b\" data-element_type=\"container\" data-e-type=\"container\">\n\t\t\t\t<div class=\"elementor-element elementor-element-2748e5a elementor-widget elementor-widget-heading\" data-id=\"2748e5a\" data-element_type=\"widget\" data-e-type=\"widget\" data-widget_type=\"heading.default\">\n\t\t\t\t\t<h3 class=\"elementor-heading-title elementor-size-default\">03<\/h3>\t\t\t\t<\/div>\n\t\t\t\t<div class=\"elementor-element elementor-element-86f7ef9 elementor-widget elementor-widget-heading\" data-id=\"86f7ef9\" data-element_type=\"widget\" data-e-type=\"widget\" data-widget_type=\"heading.default\">\n\t\t\t\t\t<h5 class=\"elementor-heading-title elementor-size-default\">Divulgaci\u00f3n\n<\/h5>\t\t\t\t<\/div>\n\t\t\t\t<div class=\"elementor-element elementor-element-f534ac1 elementor-widget elementor-widget-text-editor\" data-id=\"f534ac1\" data-element_type=\"widget\" data-e-type=\"widget\" data-widget_type=\"text-editor.default\">\n\t\t\t\t\t\t\t\t\t<p>Recopilamos y compartimos todos los comentarios de forma p\u00fablica.<\/p>\t\t\t\t\t\t\t\t<\/div>\n\t\t\t\t<\/div>\n\t\t<div class=\"elementor-element elementor-element-9ccd2b6 e-con-full e-flex e-con e-child\" data-id=\"9ccd2b6\" data-element_type=\"container\" data-e-type=\"container\">\n\t\t\t\t<div class=\"elementor-element elementor-element-18b1b6d elementor-widget elementor-widget-heading\" data-id=\"18b1b6d\" data-element_type=\"widget\" data-e-type=\"widget\" data-widget_type=\"heading.default\">\n\t\t\t\t\t<h3 class=\"elementor-heading-title elementor-size-default\">04<\/h3>\t\t\t\t<\/div>\n\t\t\t\t<div class=\"elementor-element elementor-element-0d93dfe elementor-widget elementor-widget-heading\" data-id=\"0d93dfe\" data-element_type=\"widget\" data-e-type=\"widget\" data-widget_type=\"heading.default\">\n\t\t\t\t\t<h5 class=\"elementor-heading-title elementor-size-default\">Resoluci\u00f3n<\/h5>\t\t\t\t<\/div>\n\t\t\t\t<div class=\"elementor-element elementor-element-b9201ef elementor-widget elementor-widget-text-editor\" data-id=\"b9201ef\" data-element_type=\"widget\" data-e-type=\"widget\" data-widget_type=\"text-editor.default\">\n\t\t\t\t\t\t\t\t\t<p>Los desarrolladores deben abordar los comentarios antes de que los proyectos puedan pasar a la validaci\u00f3n.<\/p>\t\t\t\t\t\t\t\t<\/div>\n\t\t\t\t<\/div>\n\t\t\t\t<\/div>\n\t\t\t\t<\/div>\n\t\t\t\t<\/div>\n\t\t\t\t\t<\/div>\n\t\t\t\t<\/section>\n\t\t<div class=\"elementor-element elementor-element-4f7e83a4 e-flex e-con-boxed e-con e-parent\" data-id=\"4f7e83a4\" data-element_type=\"container\" data-e-type=\"container\">\n\t\t\t\t\t<div class=\"e-con-inner\">\n\t\t<section class=\"elementor-element elementor-element-e40f8f0 e-con-full e-flex e-con e-child\" data-id=\"e40f8f0\" data-element_type=\"container\" data-e-type=\"container\" id=\"open-consults\" data-settings=\"{&quot;background_background&quot;:&quot;classic&quot;}\">\n\t\t<div class=\"elementor-element elementor-element-4c33a2e e-con-full e-flex e-con e-child\" data-id=\"4c33a2e\" data-element_type=\"container\" data-e-type=\"container\">\n\t\t<div class=\"elementor-element elementor-element-f0db8ee e-con-full e-flex e-con e-child\" data-id=\"f0db8ee\" data-element_type=\"container\" data-e-type=\"container\">\n\t\t<div class=\"elementor-element elementor-element-45513ab e-con-full e-flex e-con e-child\" data-id=\"45513ab\" data-element_type=\"container\" data-e-type=\"container\">\n\t\t\t\t<div class=\"elementor-element elementor-element-9961ff6 elementor-widget elementor-widget-heading\" data-id=\"9961ff6\" data-element_type=\"widget\" data-e-type=\"widget\" data-widget_type=\"heading.default\">\n\t\t\t\t\t<h2 class=\"elementor-heading-title elementor-size-default\">Consultas por programa<\/h2>\t\t\t\t<\/div>\n\t\t\t\t<\/div>\n\t\t<div class=\"elementor-element elementor-element-42f85fc e-con-full e-flex e-con e-child\" data-id=\"42f85fc\" data-element_type=\"container\" data-e-type=\"container\">\n\t\t\t\t<div class=\"elementor-element elementor-element-326cac2 elementor-widget elementor-widget-heading\" data-id=\"326cac2\" data-element_type=\"widget\" data-e-type=\"widget\" data-widget_type=\"heading.default\">\n\t\t\t\t\t<h5 class=\"elementor-heading-title elementor-size-default\">Los proyectos abiertos a comentarios se organizan por programa para facilitar la navegaci\u00f3n.<\/h5>\t\t\t\t<\/div>\n\t\t\t\t<\/div>\n\t\t\t\t<\/div>\n\t\t\t\t<\/div>\n\t\t\t\t<\/section>\n\t\t<div class=\"elementor-element elementor-element-3c4ebea8 e-con-full e-flex e-con e-child\" data-id=\"3c4ebea8\" data-element_type=\"container\" data-e-type=\"container\">\n\t\t\t\t<div class=\"elementor-element elementor-element-70156029 elementor-widget elementor-widget-shortcode\" data-id=\"70156029\" data-element_type=\"widget\" data-e-type=\"widget\" data-widget_type=\"shortcode.default\">\n\t\t\t\t\t\t\t<div class=\"elementor-shortcode\"><div  class=\"search-filter-base search-filter-field search-filter-field--id-5 search-filter-field--type-choice search-filter-field--input-type-radio search-filter-style--id-1 search-filter-style--choice-radio tabs-consult\"  data-search-filter-id=\"5\" ><\/div><\/div>\n\t\t\t\t\t\t<\/div>\n\t\t\t\t<\/div>\n\t\t<div class=\"elementor-element elementor-element-3bd358b2 e-con-full tabs-mobile e-flex e-con e-child\" data-id=\"3bd358b2\" data-element_type=\"container\" data-e-type=\"container\">\n\t\t\t\t<div class=\"elementor-element elementor-element-5dcbfcc elementor-widget elementor-widget-search-filter-field\" data-id=\"5dcbfcc\" data-element_type=\"widget\" data-e-type=\"widget\" data-settings=\"{&quot;search_filter_field&quot;:&quot;field_4&quot;}\" data-widget_type=\"search-filter-field.default\">\n\t\t\t\t<div class=\"elementor-widget-container\">\n\t\t\t\t\t<div  class=\"search-filter-base search-filter-field search-filter-field--id-4 search-filter-field--type-choice search-filter-field--input-type-radio search-filter-style--id-1 search-filter-style--choice-radio search-filter-field--width-100 tabs-filter\"  data-search-filter-settings=\"{&quot;attributes&quot;:{&quot;queryId&quot;:&quot;1&quot;,&quot;type&quot;:&quot;choice&quot;,&quot;inputType&quot;:&quot;radio&quot;,&quot;label&quot;:&quot;New field&quot;,&quot;showLabel&quot;:&quot;no&quot;,&quot;showDescription&quot;:&quot;no&quot;,&quot;dataType&quot;:&quot;taxonomy&quot;,&quot;addClass&quot;:&quot;tabs-filter&quot;,&quot;stylesId&quot;:1,&quot;width&quot;:&quot;100&quot;,&quot;autoSubmit&quot;:&quot;yes&quot;,&quot;autoSubmitDelay&quot;:&quot;0&quot;,&quot;defaultValueType&quot;:&quot;custom&quot;,&quot;dataUrlName&quot;:&quot;&quot;,&quot;hideFieldWhenEmpty&quot;:&quot;no&quot;,&quot;inputOptionsAddDefault&quot;:&quot;yes&quot;,&quot;dataTotalNumberOfOptions&quot;:&quot;100&quot;,&quot;hideEmpty&quot;:&quot;yes&quot;,&quot;showCount&quot;:&quot;no&quot;,&quot;taxonomyHierarchical&quot;:&quot;yes&quot;,&quot;taxonomyOrderBy&quot;:&quot;default&quot;,&quot;taxonomyOrderDir&quot;:&quot;asc&quot;,&quot;taxonomyTermsConditions&quot;:&quot;all&quot;,&quot;dataTaxonomy&quot;:&quot;programme&quot;,&quot;defaultValueApplyToQuery&quot;:&quot;no&quot;,&quot;defaultValueCustom&quot;:&quot;&quot;,&quot;inputOptionsDefaultLabel&quot;:&quot;All&quot;},&quot;options&quot;:[{&quot;value&quot;:&quot;carbon&quot;,&quot;label&quot;:&quot;Carbon&quot;,&quot;depth&quot;:0,&quot;id&quot;:82,&quot;parent_id&quot;:0,&quot;count&quot;:3,&quot;options&quot;:[]},{&quot;value&quot;:&quot;biodiversidad&quot;,&quot;label&quot;:&quot;Biodiversidad&quot;,&quot;depth&quot;:0,&quot;id&quot;:84,&quot;parent_id&quot;:0,&quot;count&quot;:2,&quot;options&quot;:[]},{&quot;value&quot;:&quot;economia-circular&quot;,&quot;label&quot;:&quot;Econom\\u00eda circular&quot;,&quot;depth&quot;:0,&quot;id&quot;:85,&quot;parent_id&quot;:0,&quot;count&quot;:1,&quot;options&quot;:[]}],&quot;values&quot;:[],&quot;uid&quot;:1,&quot;urlName&quot;:&quot;programme&quot;,&quot;icons&quot;:[&quot;radio&quot;,&quot;radio-checked&quot;],&quot;urlTemplate&quot;:[],&quot;id&quot;:4,&quot;connectedData&quot;:{&quot;taxonomyParents&quot;:{&quot;82&quot;:[],&quot;84&quot;:[],&quot;85&quot;:[]},&quot;termIdentifiers&quot;:[{&quot;id&quot;:82,&quot;slug&quot;:&quot;carbon&quot;},{&quot;id&quot;:84,&quot;slug&quot;:&quot;biodiversidad&quot;},{&quot;id&quot;:85,&quot;slug&quot;:&quot;economia-circular&quot;}]},&quot;supports&quot;:[],&quot;defaultValues&quot;:[&quot;&quot;],&quot;elementorId&quot;:&quot;5dcbfcc&quot;}\" ><\/div>\t\t\t\t<\/div>\n\t\t\t\t<\/div>\n\t\t<div class=\"elementor-element elementor-element-768b9046 e-con-full e-flex e-con e-child\" data-id=\"768b9046\" data-element_type=\"container\" data-e-type=\"container\">\n\t\t\t\t<div class=\"elementor-element elementor-element-6435209d search-input elementor-widget elementor-widget-shortcode\" data-id=\"6435209d\" data-element_type=\"widget\" data-e-type=\"widget\" data-widget_type=\"shortcode.default\">\n\t\t\t\t\t\t\t<div class=\"elementor-shortcode\"><div  class=\"search-filter-base search-filter-field search-filter-field--id-3 search-filter-field--type-search search-filter-field--input-type-text search-filter-style--id-1 search-filter-style--search-text search-filter-field--width-100\"  data-search-filter-id=\"3\" ><\/div><\/div>\n\t\t\t\t\t\t<\/div>\n\t\t\t\t<\/div>\n\t\t\t\t<\/div>\n\t\t<div class=\"elementor-element elementor-element-64bd0884 e-con-full e-flex e-con e-child\" data-id=\"64bd0884\" data-element_type=\"container\" data-e-type=\"container\">\n\t\t<div class=\"elementor-element elementor-element-5373652d e-con-full container-table e-flex e-con e-child\" data-id=\"5373652d\" data-element_type=\"container\" data-e-type=\"container\">\n\t\t\t\t<div class=\"elementor-element elementor-element-12dcc1c elementor-widget elementor-widget-html\" data-id=\"12dcc1c\" data-element_type=\"widget\" data-e-type=\"widget\" data-widget_type=\"html.default\">\n\t\t\t\t\t<div class=\"consultations-table-header\">\r\n  <div>ID<\/div>\r\n  <div>Nombre del proyecto<\/div>\r\n  <div class=\"sort-col sort-programme\" data-label=\"Programme\" data-col=\"2\" data-type=\"Programme\">\r\n  Programa\r\n    <span class=\"sort-icon\">\r\n      <svg xmlns=\"http:\/\/www.w3.org\/2000\/svg\" width=\"14\" height=\"15\" viewbox=\"0 0 14 15\" fill=\"none\">\r\n        <path d=\"M10.5 3.88652L7.61869 1.00521C7.27841 0.664931 6.72159 0.664931 6.38131 1.00521L3.5 3.88652\" stroke=\"#8A94AD\" stroke-width=\"1.5\" stroke-linecap=\"round\" stroke-linejoin=\"round\"><\/path>\r\n        <path d=\"M3.5 10.6092L6.38131 13.4905C6.72159 13.8308 7.27841 13.8308 7.61869 13.4905L10.5 10.6092\" stroke=\"#8A94AD\" stroke-width=\"1.5\" stroke-linecap=\"round\" stroke-linejoin=\"round\"><\/path>\r\n      <\/svg>\r\n    <\/span>\r\n  <\/div>\r\n  <div class=\"sort-col sort-start\" data-label=\"Start date\" data-col=\"3\" data-type=\"Start date\">\r\n  Fecha de inicio\r\n    <span class=\"sort-icon\">\r\n      <svg xmlns=\"http:\/\/www.w3.org\/2000\/svg\" width=\"14\" height=\"15\" viewbox=\"0 0 14 15\" fill=\"none\">\r\n        <path d=\"M10.5 3.88652L7.61869 1.00521C7.27841 0.664931 6.72159 0.664931 6.38131 1.00521L3.5 3.88652\" stroke=\"#8A94AD\" stroke-width=\"1.5\" stroke-linecap=\"round\" stroke-linejoin=\"round\"><\/path>\r\n        <path d=\"M3.5 10.6092L6.38131 13.4905C6.72159 13.8308 7.27841 13.8308 7.61869 13.4905L10.5 10.6092\" stroke=\"#8A94AD\" stroke-width=\"1.5\" stroke-linecap=\"round\" stroke-linejoin=\"round\"><\/path>\r\n      <\/svg>\r\n    <\/span>\r\n  <\/div>\r\n  <div class=\"sort-col sort-close\" data-label=\"Closing date\" data-col=\"4\" data-type=\"Closing date\">\r\n  Fecha de cierre\r\n    <span class=\"sort-icon\">\r\n      <svg xmlns=\"http:\/\/www.w3.org\/2000\/svg\" width=\"14\" height=\"15\" viewbox=\"0 0 14 15\" fill=\"none\">\r\n        <path d=\"M10.5 3.88652L7.61869 1.00521C7.27841 0.664931 6.72159 0.664931 6.38131 1.00521L3.5 3.88652\" stroke=\"#8A94AD\" stroke-width=\"1.5\" stroke-linecap=\"round\" stroke-linejoin=\"round\"><\/path>\r\n        <path d=\"M3.5 10.6092L6.38131 13.4905C6.72159 13.8308 7.27841 13.8308 7.61869 13.4905L10.5 10.6092\" stroke=\"#8A94AD\" stroke-width=\"1.5\" stroke-linecap=\"round\" stroke-linejoin=\"round\"><\/path>\r\n      <\/svg>\r\n    <\/span>\r\n  <\/div>\r\n  <div>Comentario<\/div>\r\n<\/div>\r\n\t\t\t\t<\/div>\n\t\t\t\t<div class=\"search-filter-query--id-1 elementor-element elementor-element-3fb4bbd8 elementor-grid-1 elementor-grid-tablet-1 elementor-grid-mobile-1 elementor-widget elementor-widget-loop-grid\" data-id=\"3fb4bbd8\" data-element_type=\"widget\" data-e-type=\"widget\" data-settings=\"{&quot;template_id&quot;:2453,&quot;columns&quot;:1,&quot;columns_tablet&quot;:1,&quot;pagination_type&quot;:&quot;numbers_and_prev_next&quot;,&quot;_skin&quot;:&quot;post&quot;,&quot;columns_mobile&quot;:&quot;1&quot;,&quot;edit_handle_selector&quot;:&quot;[data-elementor-type=\\&quot;loop-item\\&quot;]&quot;,&quot;row_gap&quot;:{&quot;unit&quot;:&quot;px&quot;,&quot;size&quot;:&quot;&quot;,&quot;sizes&quot;:[]},&quot;row_gap_widescreen&quot;:{&quot;unit&quot;:&quot;px&quot;,&quot;size&quot;:&quot;&quot;,&quot;sizes&quot;:[]},&quot;row_gap_tablet_extra&quot;:{&quot;unit&quot;:&quot;px&quot;,&quot;size&quot;:&quot;&quot;,&quot;sizes&quot;:[]},&quot;row_gap_tablet&quot;:{&quot;unit&quot;:&quot;px&quot;,&quot;size&quot;:&quot;&quot;,&quot;sizes&quot;:[]},&quot;row_gap_mobile_extra&quot;:{&quot;unit&quot;:&quot;px&quot;,&quot;size&quot;:&quot;&quot;,&quot;sizes&quot;:[]},&quot;row_gap_mobile&quot;:{&quot;unit&quot;:&quot;px&quot;,&quot;size&quot;:&quot;&quot;,&quot;sizes&quot;:[]}}\" data-widget_type=\"loop-grid.post\">\n\t\t\t\t<div class=\"elementor-widget-container\">\n\t\t\t\t\t\t\t<div class=\"e-loop-nothing-found-message\">\n\t\t\t\t\t<div class=\"e-loop-nothing-found-message__text\">\n\t\t\t\tNo hay datos disponibles en la tabla\t\t\t<\/div>\n\t\t\t<\/div>\n\t\t\t\t\t\t<\/div>\n\t\t\t\t<\/div>\n\t\t\t\t<\/div>\n\t\t\t\t<\/div>\n\t\t\t\t\t<\/div>\n\t\t\t\t<\/div>\n\t\t<section class=\"elementor-element elementor-element-30d8e43 e-flex e-con-boxed e-con e-parent\" data-id=\"30d8e43\" data-element_type=\"container\" data-e-type=\"container\" data-settings=\"{&quot;background_background&quot;:&quot;classic&quot;}\">\n\t\t\t\t\t<div class=\"e-con-inner\">\n\t\t<div class=\"elementor-element elementor-element-6ee9661 e-con-full e-flex e-con e-child\" data-id=\"6ee9661\" data-element_type=\"container\" data-e-type=\"container\">\n\t\t<div class=\"elementor-element elementor-element-42b7fff e-con-full e-flex e-con e-child\" data-id=\"42b7fff\" data-element_type=\"container\" data-e-type=\"container\">\n\t\t<div class=\"elementor-element elementor-element-e620f4d e-flex e-con-boxed e-con e-child\" data-id=\"e620f4d\" data-element_type=\"container\" data-e-type=\"container\">\n\t\t\t\t\t<div class=\"e-con-inner\">\n\t\t\t\t<div class=\"elementor-element elementor-element-10b3bf1 elementor-widget elementor-widget-heading\" data-id=\"10b3bf1\" data-element_type=\"widget\" data-e-type=\"widget\" data-widget_type=\"heading.default\">\n\t\t\t\t\t<h2 class=\"elementor-heading-title elementor-size-default\">Opina<\/h2>\t\t\t\t<\/div>\n\t\t\t\t<div class=\"elementor-element elementor-element-0184e9b elementor-widget-mobile__width-inherit elementor-widget elementor-widget-text-editor\" data-id=\"0184e9b\" data-element_type=\"widget\" data-e-type=\"widget\" data-widget_type=\"text-editor.default\">\n\t\t\t\t\t\t\t\t\t<p>Revisa los proyectos abiertos a comentarios y comparte tu opini\u00f3n para ayudar a fortalecer la acci\u00f3n por el clima y la naturaleza. Una participaci\u00f3n amplia garantiza que los proyectos sean s\u00f3lidos, transparentes y socialmente cre\u00edbles. <\/p>\t\t\t\t\t\t\t\t<\/div>\n\t\t\t\t\t<\/div>\n\t\t\t\t<\/div>\n\t\t<div class=\"elementor-element elementor-element-66e2276 e-con-full e-flex e-con e-child\" data-id=\"66e2276\" data-element_type=\"container\" data-e-type=\"container\">\n\t\t\t\t<div class=\"elementor-element elementor-element-d3c5a66  cc-btn elementor-widget elementor-widget-button\" data-id=\"d3c5a66\" data-element_type=\"widget\" data-e-type=\"widget\" data-widget_type=\"button.default\">\n\t\t\t\t\t\t\t\t\t\t<a class=\"elementor-button elementor-button-link elementor-size-sm\" href=\"https:\/\/staging.cercarbono.com\/es\/consulta-de-proyectos\/\/?_consultation_status=open&#038;~1#open-consults\">\n\t\t\t\t\t\t<span class=\"elementor-button-content-wrapper\">\n\t\t\t\t\t\t<span class=\"elementor-button-icon\">\n\t\t\t\t<svg xmlns=\"http:\/\/www.w3.org\/2000\/svg\" width=\"75\" height=\"75\" viewBox=\"0 0 75 75\" style=\"fill-rule:evenodd;clip-rule:evenodd;stroke-linejoin:round;stroke-miterlimit:2;\"><path d=\"M62.5,16.919l-50.915,50.915c-1.22,1.22 -3.2,1.22 -4.419,0c-1.22,-1.22 -1.22,-3.2 -0,-4.419l50.915,-50.915l-33.081,0c-1.725,0 -3.125,-1.4 -3.125,-3.125c-0,-1.725 1.4,-3.125 3.125,-3.125l40.625,0c0.831,0 1.622,0.327 2.21,0.915c0.588,0.588 0.915,1.378 0.915,2.21l0,40.625c0,1.725 -1.4,3.125 -3.125,3.125c-1.725,0 -3.125,-1.4 -3.125,-3.125l0,-33.081Z\" fill=\"currentColor\"><\/path><\/svg>\t\t\t<\/span>\n\t\t\t\t\t\t\t\t\t<span class=\"elementor-button-text\">VER PROYECTOS ABIERTOS A COMENTARIOS<\/span>\n\t\t\t\t\t<\/span>\n\t\t\t\t\t<\/a>\n\t\t\t\t\t\t\t\t<\/div>\n\t\t\t\t<\/div>\n\t\t\t\t<\/div>\n\t\t\t\t<\/div>\n\t\t\t\t\t<\/div>\n\t\t\t\t<\/section>\n\t\t\t\t<\/div>\n\t\t","protected":false},"excerpt":{"rendered":"<p>Consultas de proyectos Cada proyecto que busque nuestra certificaci\u00f3n debe pasar por una consulta p\u00fablica de 30 d\u00edas. Esto brinda a las comunidades, las ONG, la sociedad civil y los expertos t\u00e9cnicos la oportunidad de revisar la documentaci\u00f3n del proyecto, aportar comentarios y fortalecer los resultados antes de la validaci\u00f3n. C\u00f3mo funciona 01 Publicaci\u00f3n Los [&hellip;]<\/p>\n","protected":false},"author":5,"featured_media":0,"parent":0,"menu_order":0,"comment_status":"closed","ping_status":"closed","template":"","meta":{"_acf_changed":false,"footnotes":""},"class_list":["post-6058","page","type-page","status-publish","hentry"],"acf":[],"_links":{"self":[{"href":"https:\/\/staging.cercarbono.com\/es\/wp-json\/wp\/v2\/pages\/6058","targetHints":{"allow":["GET"]}}],"collection":[{"href":"https:\/\/staging.cercarbono.com\/es\/wp-json\/wp\/v2\/pages"}],"about":[{"href":"https:\/\/staging.cercarbono.com\/es\/wp-json\/wp\/v2\/types\/page"}],"author":[{"embeddable":true,"href":"https:\/\/staging.cercarbono.com\/es\/wp-json\/wp\/v2\/users\/5"}],"replies":[{"embeddable":true,"href":"https:\/\/staging.cercarbono.com\/es\/wp-json\/wp\/v2\/comments?post=6058"}],"version-history":[{"count":5,"href":"https:\/\/staging.cercarbono.com\/es\/wp-json\/wp\/v2\/pages\/6058\/revisions"}],"predecessor-version":[{"id":7531,"href":"https:\/\/staging.cercarbono.com\/es\/wp-json\/wp\/v2\/pages\/6058\/revisions\/7531"}],"wp:attachment":[{"href":"https:\/\/staging.cercarbono.com\/es\/wp-json\/wp\/v2\/media?parent=6058"}],"curies":[{"name":"wp","href":"https:\/\/api.w.org\/{rel}","templated":true}]}}