{"id":5985,"date":"2026-03-26T16:13:26","date_gmt":"2026-03-26T16:13:26","guid":{"rendered":"https:\/\/staging.cercarbono.com\/documentos\/"},"modified":"2026-04-10T15:18:51","modified_gmt":"2026-04-10T15:18:51","slug":"documentos-propuestos","status":"publish","type":"page","link":"https:\/\/staging.cercarbono.com\/es\/documentos-propuestos\/","title":{"rendered":"Documentos"},"content":{"rendered":"\t\t<div data-elementor-type=\"wp-page\" data-elementor-id=\"5985\" class=\"elementor elementor-5985 elementor-5654\" data-elementor-post-type=\"page\">\n\t\t\t\t<section class=\"elementor-element elementor-element-4886a90 e-flex e-con-boxed e-con e-parent\" data-id=\"4886a90\" data-element_type=\"container\" data-e-type=\"container\" data-settings=\"{&quot;background_background&quot;:&quot;classic&quot;}\">\n\t\t\t\t\t<div class=\"e-con-inner\">\n\t\t<div class=\"elementor-element elementor-element-276cf41 e-con-full e-flex e-con e-child\" data-id=\"276cf41\" data-element_type=\"container\" data-e-type=\"container\">\n\t\t\t\t<div class=\"elementor-element elementor-element-8a5953a elementor-widget__width-initial elementor-widget elementor-widget-heading\" data-id=\"8a5953a\" data-element_type=\"widget\" data-e-type=\"widget\" data-widget_type=\"heading.default\">\n\t\t\t\t\t<h1 class=\"elementor-heading-title elementor-size-default\">Documentos<\/h1>\t\t\t\t<\/div>\n\t\t\t\t<div class=\"elementor-element elementor-element-ebc2f8f elementor-widget__width-initial elementor-widget elementor-widget-text-editor\" data-id=\"ebc2f8f\" data-element_type=\"widget\" data-e-type=\"widget\" data-widget_type=\"text-editor.default\">\n\t\t\t\t\t\t\t\t\t<p>Nos aseguramos de que todos los documentos clave sean p\u00fablicos para que la certificaci\u00f3n sea abierta, transparente y f\u00e1cil de seguir. Aqu\u00ed encontrar\u00e1s todo, desde plantillas hasta herramientas de monitoreo, todo en un solo lugar y disponible tanto en ingl\u00e9s como en espa\u00f1ol para mejorar la accesibilidad para todos los usuarios.<\/p>\t\t\t\t\t\t\t\t<\/div>\n\t\t\t\t<\/div>\n\t\t\t\t\t<\/div>\n\t\t\t\t<\/section>\n\t\t\t\t<\/div>\n\t\t","protected":false},"excerpt":{"rendered":"<p>Documentos Nos aseguramos de que todos los documentos clave sean p\u00fablicos para que la certificaci\u00f3n sea abierta, transparente y f\u00e1cil de seguir. Aqu\u00ed encontrar\u00e1s todo, desde plantillas hasta herramientas de monitoreo, todo en un solo lugar y disponible tanto en ingl\u00e9s como en espa\u00f1ol para mejorar la accesibilidad para todos los usuarios.<\/p>\n","protected":false},"author":5,"featured_media":0,"parent":0,"menu_order":0,"comment_status":"closed","ping_status":"closed","template":"","meta":{"_acf_changed":false,"footnotes":""},"class_list":["post-5985","page","type-page","status-publish","hentry"],"acf":[],"_links":{"self":[{"href":"https:\/\/staging.cercarbono.com\/es\/wp-json\/wp\/v2\/pages\/5985","targetHints":{"allow":["GET"]}}],"collection":[{"href":"https:\/\/staging.cercarbono.com\/es\/wp-json\/wp\/v2\/pages"}],"about":[{"href":"https:\/\/staging.cercarbono.com\/es\/wp-json\/wp\/v2\/types\/page"}],"author":[{"embeddable":true,"href":"https:\/\/staging.cercarbono.com\/es\/wp-json\/wp\/v2\/users\/5"}],"replies":[{"embeddable":true,"href":"https:\/\/staging.cercarbono.com\/es\/wp-json\/wp\/v2\/comments?post=5985"}],"version-history":[{"count":1,"href":"https:\/\/staging.cercarbono.com\/es\/wp-json\/wp\/v2\/pages\/5985\/revisions"}],"predecessor-version":[{"id":5986,"href":"https:\/\/staging.cercarbono.com\/es\/wp-json\/wp\/v2\/pages\/5985\/revisions\/5986"}],"wp:attachment":[{"href":"https:\/\/staging.cercarbono.com\/es\/wp-json\/wp\/v2\/media?parent=5985"}],"curies":[{"name":"wp","href":"https:\/\/api.w.org\/{rel}","templated":true}]}}